{"id":719,"date":"2024-07-02T18:35:06","date_gmt":"2024-07-02T18:35:06","guid":{"rendered":"http:\/\/www.rekuperace-cofa.cz\/?page_id=719"},"modified":"2024-07-02T18:38:16","modified_gmt":"2024-07-02T18:38:16","slug":"informace-o-cookies","status":"publish","type":"page","link":"https:\/\/www.rekuperace-cofa.cz\/?page_id=719","title":{"rendered":"Informace o Cookies"},"content":{"rendered":"<div class=\"mainP\">\n<div class=\"main\">\n<div>\n<p><strong>Co jsou cookies?<\/strong><\/p>\n<p>Cookies v p\u0159ekladu znamenaj\u00ed \u201esu\u0161enky\u201d. Jsou tak pojmenov\u00e1ny podle britsk\u00e9ho zvyku nab\u00eddnout n\u00e1v\u0161t\u011bvn\u00edkovi su\u0161enku pro navozen\u00ed p\u0159\u00e1telsk\u00e9 atmosf\u00e9ry.<\/p>\n<p>V internetov\u00e9 praxi je cookie mal\u00fd textov\u00fd soubor, kter\u00fd webov\u00e1 str\u00e1nka ulo\u017e\u00ed do va\u0161eho prohl\u00ed\u017ee\u010de (\u201enab\u00eddne su\u0161enku\u201d). Pozd\u011bji je mo\u017en\u00e9 ulo\u017eenou informaci p\u0159e\u010d\u00edst. Jednoduch\u00fdm p\u0159\u00edkladem vyu\u017eit\u00ed je, \u017ee str\u00e1nka pozn\u00e1, \u017ee u\u017e jste ji v minulosti nav\u0161t\u00edvil, a tak v\u00e1m nezobraz\u00ed informa\u010dn\u00ed okno. Pou\u017e\u00edv\u00e1 se i na slo\u017eit\u011bj\u0161\u00ed \u00fakoly a nap\u0159\u00edklad v\u011bt\u0161ina web\u016f, na kter\u00e9 se lze p\u0159ihl\u00e1sit pod u\u017eivatelsk\u00fdm \u00fa\u010dtem, se bez nich neobejde.<\/p>\n<p>Cookies nejsou ve va\u0161em prohl\u00ed\u017ee\u010di ulo\u017eeny napo\u0159\u00e1d. Z\u00e1le\u017e\u00ed na nastaven\u00ed prohl\u00ed\u017ee\u010de a samotn\u00e9 cookie. N\u011bkter\u00e9 jsou ulo\u017een\u00e9 jen po dobu, po kterou m\u00e1te otev\u0159en\u00e9 ur\u010dit\u00e9 str\u00e1nky. Dal\u0161\u00ed jsou platn\u00e9 v \u0159\u00e1dech dn\u00ed a\u017e m\u011bs\u00edc\u016f.<\/p>\n<p>Bli\u017e\u0161\u00ed technick\u00e9 informace najdete na \u010desk\u00e9 <a href=\"https:\/\/cs.wikipedia.org\/wiki\/HTTP_cookie\" target=\"_blank\" rel=\"noopener\">Wikipedii<\/a>.<\/p>\n<p><strong>Jak soubory cookies pou\u017e\u00edv\u00e1me?<\/strong><\/p>\n<p>Provozovatel internetov\u00e9ho obchodu ve snaze o co nejefektivn\u011bj\u0161\u00ed poskytov\u00e1n\u00ed sv\u00fdch slu\u017eeb zpracov\u00e1v\u00e1 Va\u0161e osobn\u00ed \u00fadaje v podob\u011b cookie.<\/p>\n<p>\u00dadaje jsou zpracov\u00e1ny za \u00fa\u010delem zkvalitn\u011bn\u00ed u\u017eivatelsk\u00e9 zku\u0161enosti v r\u00e1mci n\u00e1v\u0161t\u011bvy e-shopu, pouze jako nutn\u00e9 technick\u00e9 cookies &#8211; nap\u0159. pro:<\/p>\n<p>vlo\u017een\u00ed produkt\u016f do ko\u0161\u00edku (\u010di tabulky porovn\u00e1n\u00ed)<br \/>\nregistrace \/ p\u0159ihl\u00e1\u0161en\u00ed u\u017eivatele<\/p>\n<p>\u017d\u00e1dn\u00e9 cookies 3. stran nevyu\u017e\u00edv\u00e1me.<\/p>\n<p>Osobn\u00ed \u00fadaje provozovatel zpracov\u00e1v\u00e1 v elektronick\u00e9 form\u011b. Osobn\u00ed \u00fadaje mohou pro provozovatele takto zpracov\u00e1vat tak\u00e9 dal\u0161\u00ed subjekty v postaven\u00ed tzv. zpracovatel\u016f, se kter\u00fdmi provozovatel uzav\u0159e smlouvu o zpracov\u00e1n\u00ed osobn\u00edch \u00fadaj\u016f. V sou\u010dasn\u00e9 dob\u011b zpracov\u00e1vaj\u00ed osobn\u00ed \u00fadaje tito zpracovatel\u00e9: Google, Seznam.cz, Heureka.cz, Facebook. Aktu\u00e1ln\u00ed seznam zpracovatel\u016f V\u00e1m poskytneme na vy\u017e\u00e1d\u00e1n\u00ed.<\/p>\n<p>V souvislosti se zpracov\u00e1v\u00e1n\u00edm Va\u0161ich osobn\u00edch \u00fadaj\u016f m\u00e1te pr\u00e1vo se na provozovatele kdykoli obr\u00e1tit s \u017e\u00e1dost\u00ed o informaci, jak\u00e9 Va\u0161e osobn\u00ed \u00fadaje a jak\u00fdm zp\u016fsobem zpracov\u00e1v\u00e1.<\/p>\n<p>V p\u0159\u00edpad\u011b jak\u00fdchkoliv nejasnost\u00ed \u010di dotaz\u016f se na n\u00e1s nev\u00e1hejte obr\u00e1tit prost\u0159ednictv\u00edm e-mailu.<\/p>\n<p><strong>Jak cookies odm\u00edtnout?<\/strong><\/p>\n<p>Pou\u017eit\u00ed cookies m\u016f\u017eete nastavit ve va\u0161em webov\u00e9m prohl\u00ed\u017ee\u010di. V n\u011bkter\u00fdch prohl\u00ed\u017ee\u010d\u00edch m\u016f\u017eete smazat jednotliv\u00e9 cookies a p\u0159\u00edpadn\u011b odm\u00edtnout p\u0159ij\u00edm\u00e1n\u00ed v\u0161ech cookies nebo cookies pro vybranou dom\u00e9nu. V\u00edce informac\u00ed naleznete v n\u00e1pov\u011bd\u011b va\u0161eho prohl\u00ed\u017ee\u010de, nebo na internetu.<\/p>\n<p>P\u0159i smaz\u00e1n\u00ed nebo odm\u00edtnut\u00ed v\u0161ech cookies dojde ke zhor\u0161en\u00ed funk\u010dnosti na\u0161ich str\u00e1nek a n\u011bkter\u00e9 funkce nemus\u00ed b\u00fdt dostupn\u00e9 v\u016fbec.<\/p>\n<\/div>\n<\/div>\n<\/div>\n<div class=\"clb\"><\/div>\n","protected":false},"excerpt":{"rendered":"<p>Co jsou cookies? Cookies v p\u0159ekladu znamenaj\u00ed \u201esu\u0161enky\u201d. Jsou tak pojmenov\u00e1ny podle britsk\u00e9ho zvyku nab\u00eddnout n\u00e1v\u0161t\u011bvn\u00edkovi su\u0161enku pro navozen\u00ed p\u0159\u00e1telsk\u00e9<\/p>\n","protected":false},"author":1,"featured_media":0,"parent":0,"menu_order":8,"comment_status":"closed","ping_status":"closed","template":"","meta":{"footnotes":""},"class_list":["post-719","page","type-page","status-publish","hentry"],"_links":{"self":[{"href":"https:\/\/www.rekuperace-cofa.cz\/index.php?rest_route=\/wp\/v2\/pages\/719","targetHints":{"allow":["GET"]}}],"collection":[{"href":"https:\/\/www.rekuperace-cofa.cz\/index.php?rest_route=\/wp\/v2\/pages"}],"about":[{"href":"https:\/\/www.rekuperace-cofa.cz\/index.php?rest_route=\/wp\/v2\/types\/page"}],"author":[{"embeddable":true,"href":"https:\/\/www.rekuperace-cofa.cz\/index.php?rest_route=\/wp\/v2\/users\/1"}],"replies":[{"embeddable":true,"href":"https:\/\/www.rekuperace-cofa.cz\/index.php?rest_route=%2Fwp%2Fv2%2Fcomments&post=719"}],"version-history":[{"count":3,"href":"https:\/\/www.rekuperace-cofa.cz\/index.php?rest_route=\/wp\/v2\/pages\/719\/revisions"}],"predecessor-version":[{"id":722,"href":"https:\/\/www.rekuperace-cofa.cz\/index.php?rest_route=\/wp\/v2\/pages\/719\/revisions\/722"}],"wp:attachment":[{"href":"https:\/\/www.rekuperace-cofa.cz\/index.php?rest_route=%2Fwp%2Fv2%2Fmedia&parent=719"}],"curies":[{"name":"wp","href":"https:\/\/api.w.org\/{rel}","templated":true}]}}