{"id":245,"date":"2018-03-09T18:05:28","date_gmt":"2018-03-09T18:05:28","guid":{"rendered":"http:\/\/www.rekuperace-cofa.cz\/?page_id=245"},"modified":"2025-03-21T21:58:18","modified_gmt":"2025-03-21T21:58:18","slug":"uvod","status":"publish","type":"page","link":"https:\/\/www.rekuperace-cofa.cz\/","title":{"rendered":"\u00davod"},"content":{"rendered":"<h3 data-start=\"0\" data-end=\"70\"><strong data-start=\"4\" data-end=\"68\">Rekupera\u010dn\u00ed jednotka REKUCOFA \u2013 dostupn\u00e1 kvalita pro ka\u017ed\u00e9ho<\/strong><\/h3>\n<p data-start=\"72\" data-end=\"286\">Na\u0161\u00edm c\u00edlem je zp\u0159\u00edstupnit <strong data-start=\"99\" data-end=\"135\">automatick\u00e9 v\u011btr\u00e1n\u00ed s rekuperac\u00ed<\/strong> \u0161irok\u00e9 ve\u0159ejnosti. Proto jsme vyvinuli a sestavili <strong data-start=\"187\" data-end=\"220\">rekupera\u010dn\u00ed jednotku REKUCOFA<\/strong>, kter\u00e1 kombinuje <strong data-start=\"238\" data-end=\"257\">vysokou kvalitu<\/strong> s <strong data-start=\"260\" data-end=\"283\">cenovou dostupnost\u00ed<\/strong>.<\/p>\n<p data-start=\"288\" data-end=\"820\">\ud83d\udd39 <strong data-start=\"291\" data-end=\"310\">Vysok\u00e1 \u00fa\u010dinnost<\/strong> \u2013 <strong data-start=\"313\" data-end=\"336\">protiproud\u00fd v\u00fdm\u011bn\u00edk<\/strong> se zp\u011btn\u00fdm ziskem tepla a\u017e <strong data-start=\"364\" data-end=\"372\">92 %<\/strong><br data-start=\"372\" data-end=\"375\" data-is-only-node=\"\" \/>\ud83d\udd39 <strong data-start=\"378\" data-end=\"406\">Velkokapacitn\u00ed filtry F7<\/strong> \u2013 ide\u00e1ln\u00ed <strong data-start=\"417\" data-end=\"433\">pro alergiky<\/strong>, zachyt\u00e1vaj\u00ed jemn\u00e9 \u010d\u00e1stice a ne\u010distoty<br data-start=\"472\" data-end=\"475\" \/>\ud83d\udd39 <strong data-start=\"478\" data-end=\"501\">Robustn\u00ed konstrukce<\/strong> \u2013 sk\u0159\u00ed\u0148 z <strong data-start=\"512\" data-end=\"536\">pozinkovan\u00e9ho plechu<\/strong> s <strong data-start=\"539\" data-end=\"603\">izola\u010dn\u00ed polyuretanovou p\u011bnou PIR (30 mm, Rmat = 1,25 m\u00b2K\/W)<\/strong><br data-start=\"603\" data-end=\"606\" \/>\ud83d\udd39 <strong data-start=\"609\" data-end=\"647\">Minim\u00e1ln\u00ed tlakov\u00e9 a tepeln\u00e9 ztr\u00e1ty<\/strong> \u2013 d\u00edky <strong data-start=\"655\" data-end=\"675\">kvalitn\u00ed izolaci<\/strong> a eliminaci <strong data-start=\"688\" data-end=\"707\">tepeln\u00fdch most\u016f<\/strong><br data-start=\"707\" data-end=\"710\" \/>\ud83d\udd39 <strong data-start=\"713\" data-end=\"733\">Modul\u00e1rn\u00ed syst\u00e9m<\/strong> \u2013 jednotku lze <strong data-start=\"749\" data-end=\"772\">postupn\u011b roz\u0161i\u0159ovat<\/strong> o voliteln\u00e9 p\u0159\u00edslu\u0161enstv\u00ed podle va\u0161ich pot\u0159eb<\/p>\n<p data-start=\"822\" data-end=\"956\" data-is-last-node=\"\" data-is-only-node=\"\">D\u00edky promy\u0161len\u00e9 konstrukci a <strong data-start=\"851\" data-end=\"879\">jednoduch\u00e9mu roz\u0161i\u0159ov\u00e1n\u00ed<\/strong> si po\u0159\u00edd\u00edte <strong data-start=\"892\" data-end=\"935\">p\u0159esn\u011b ty komponenty, kter\u00e9 pot\u0159ebujete<\/strong> \u2013 nic v\u00edc, nic m\u00e9n\u011b.<\/p>\n","protected":false},"excerpt":{"rendered":"<p>Rekupera\u010dn\u00ed jednotka REKUCOFA \u2013 dostupn\u00e1 kvalita pro ka\u017ed\u00e9ho Na\u0161\u00edm c\u00edlem je zp\u0159\u00edstupnit automatick\u00e9 v\u011btr\u00e1n\u00ed s rekuperac\u00ed \u0161irok\u00e9 ve\u0159ejnosti. Proto jsme<\/p>\n","protected":false},"author":1,"featured_media":0,"parent":0,"menu_order":1,"comment_status":"closed","ping_status":"closed","template":"page-templates\/page-builder.php","meta":{"footnotes":""},"class_list":["post-245","page","type-page","status-publish","hentry"],"_links":{"self":[{"href":"https:\/\/www.rekuperace-cofa.cz\/index.php?rest_route=\/wp\/v2\/pages\/245","targetHints":{"allow":["GET"]}}],"collection":[{"href":"https:\/\/www.rekuperace-cofa.cz\/index.php?rest_route=\/wp\/v2\/pages"}],"about":[{"href":"https:\/\/www.rekuperace-cofa.cz\/index.php?rest_route=\/wp\/v2\/types\/page"}],"author":[{"embeddable":true,"href":"https:\/\/www.rekuperace-cofa.cz\/index.php?rest_route=\/wp\/v2\/users\/1"}],"replies":[{"embeddable":true,"href":"https:\/\/www.rekuperace-cofa.cz\/index.php?rest_route=%2Fwp%2Fv2%2Fcomments&post=245"}],"version-history":[{"count":12,"href":"https:\/\/www.rekuperace-cofa.cz\/index.php?rest_route=\/wp\/v2\/pages\/245\/revisions"}],"predecessor-version":[{"id":749,"href":"https:\/\/www.rekuperace-cofa.cz\/index.php?rest_route=\/wp\/v2\/pages\/245\/revisions\/749"}],"wp:attachment":[{"href":"https:\/\/www.rekuperace-cofa.cz\/index.php?rest_route=%2Fwp%2Fv2%2Fmedia&parent=245"}],"curies":[{"name":"wp","href":"https:\/\/api.w.org\/{rel}","templated":true}]}}