{"id":220,"date":"2018-03-09T17:16:09","date_gmt":"2018-03-09T17:16:09","guid":{"rendered":"http:\/\/www.rekuperace-cofa.cz\/?page_id=220"},"modified":"2025-03-21T21:59:51","modified_gmt":"2025-03-21T21:59:51","slug":"par-slov-o-rekuperaci","status":"publish","type":"page","link":"https:\/\/www.rekuperace-cofa.cz\/?page_id=220","title":{"rendered":"Pro\u010d rekuperaci"},"content":{"rendered":"<div class=\"textLayer\">\n<div class=\"flex max-w-full flex-col flex-grow\">\n<div class=\"min-h-8 text-message relative flex w-full flex-col items-end gap-2 whitespace-normal break-words text-start [.text-message+&amp;]:mt-5\" dir=\"auto\" data-message-author-role=\"assistant\" data-message-id=\"af573187-3667-4767-9e3e-dbc93fa96d15\" data-message-model-slug=\"gpt-4o\">\n<div class=\"flex w-full flex-col gap-1 empty:hidden first:pt-[3px]\">\n<div class=\"markdown prose w-full break-words dark:prose-invert dark\">\n<h3 data-start=\"0\" data-end=\"64\"><strong data-start=\"4\" data-end=\"62\">Pro\u010d je v\u011btr\u00e1n\u00ed s rekuperac\u00ed nezbytn\u00e9 pro zdrav\u00fd domov<\/strong><\/h3>\n<p data-start=\"66\" data-end=\"415\">Kvalitn\u00ed a \u010derstv\u00fd vzduch je kl\u00ed\u010dov\u00fd pro zdrav\u00e9 bydlen\u00ed i pracovn\u00ed prost\u0159ed\u00ed. Pravideln\u00e9 v\u011btr\u00e1n\u00ed okny je v\u0161ak v praxi n\u00e1ro\u010dn\u00e9 a \u010dasto zanedb\u00e1van\u00e9 \u2013 spr\u00e1vn\u011b by se m\u011blo v\u011btrat <strong data-start=\"240\" data-end=\"277\">ka\u017ed\u00e9 dv\u011b hodiny na 3 a\u017e 10 minut<\/strong>, a to i v noci. B\u011b\u017en\u00e9 v\u011btr\u00e1n\u00ed p\u0159in\u00e1\u0161\u00ed <strong data-start=\"316\" data-end=\"343\">v\u00fdznamn\u00e9 tepeln\u00e9 ztr\u00e1ty<\/strong>, co\u017e vede k tomu, \u017ee v zimn\u00edch m\u011bs\u00edc\u00edch v\u011btr\u00e1me m\u00e9n\u011b, ne\u017e je pot\u0159eba.<\/p>\n<p data-start=\"417\" data-end=\"678\">Nedostate\u010dn\u00e9 v\u011btr\u00e1n\u00ed m\u016f\u017ee zp\u016fsobit:<br data-start=\"452\" data-end=\"455\" \/>\u2714 <strong data-start=\"457\" data-end=\"487\">Zv\u00fd\u0161en\u00ed relativn\u00ed vlhkosti<\/strong> \u2013 ide\u00e1ln\u00ed podm\u00ednky pro r\u016fst pl\u00edsn\u00ed<br data-start=\"522\" data-end=\"525\" \/>\u2714 <strong data-start=\"527\" data-end=\"550\">Hromad\u011bn\u00ed \u0161kodlivin<\/strong> \u2013 CO\u2082, prach, alergeny a t\u011bkav\u00e9 organick\u00e9 l\u00e1tky<br data-start=\"598\" data-end=\"601\" \/>\u2714 <strong data-start=\"603\" data-end=\"632\">Pocit vyd\u00fdchan\u00e9ho vzduchu<\/strong> \u2013 \u00fanava, bolesti hlavy, sn\u00ed\u017een\u00e1 koncentrace<\/p>\n<p data-start=\"680\" data-end=\"730\"><strong data-start=\"680\" data-end=\"728\">\u0158e\u0161en\u00edm je \u0159\u00edzen\u00e9 v\u011btr\u00e1n\u00ed s rekuperac\u00ed tepla<\/strong><\/p>\n<p data-start=\"732\" data-end=\"1125\">V modern\u00edch budov\u00e1ch, zejm\u00e9na v <strong data-start=\"764\" data-end=\"805\">n\u00edzkoenergetick\u00fdch a pasivn\u00edch domech<\/strong>, je <strong data-start=\"810\" data-end=\"841\">\u0159\u00edzen\u00e9 v\u011btr\u00e1n\u00ed s rekuperac\u00ed<\/strong> nezbytn\u00e9. Rekupera\u010dn\u00ed jednotka:<br data-start=\"873\" data-end=\"876\" \/>\u2714 <strong data-start=\"878\" data-end=\"916\">Nep\u0159etr\u017eit\u011b p\u0159iv\u00e1d\u00ed \u010derstv\u00fd vzduch<\/strong> do obytn\u00fdch m\u00edstnost\u00ed<br data-start=\"938\" data-end=\"941\" \/>\u2714 <strong data-start=\"943\" data-end=\"971\">Odv\u00e1d\u00ed zne\u010di\u0161t\u011bn\u00fd vzduch<\/strong> z kuchyn\u011b, koupelny a WC<br data-start=\"996\" data-end=\"999\" \/>\u2714 <strong data-start=\"1001\" data-end=\"1029\">Minim\u00e1ln\u00ed tepeln\u00e9 ztr\u00e1ty<\/strong> d\u00edky zp\u011btn\u00e9mu z\u00edsk\u00e1v\u00e1n\u00ed tepla<br data-start=\"1059\" data-end=\"1062\" \/>\u2714 <strong data-start=\"1064\" data-end=\"1091\">Eliminuje pr\u016fvan a hluk<\/strong> \u2013 vzduch proud\u00ed jemn\u011b, nesly\u0161n\u011b<\/p>\n<hr data-start=\"1127\" data-end=\"1130\" \/>\n<h3 data-start=\"1132\" data-end=\"1171\"><strong data-start=\"1136\" data-end=\"1169\">Jak funguje rekuperace tepla?<\/strong><\/h3>\n<p data-start=\"1173\" data-end=\"1544\">Rekupera\u010dn\u00ed jednotka vyu\u017e\u00edv\u00e1 <strong data-start=\"1202\" data-end=\"1227\">v\u00fdkonn\u00fd v\u00fdm\u011bn\u00edk tepla<\/strong>, kter\u00fd <strong data-start=\"1235\" data-end=\"1295\">p\u0159en\u00e1\u0161\u00ed energii z odv\u00e1d\u011bn\u00e9ho vzduchu na p\u0159iv\u00e1d\u011bn\u00fd vzduch<\/strong>.<br data-start=\"1296\" data-end=\"1299\" \/>\ud83d\udd39 <strong data-start=\"1302\" data-end=\"1322\">\u00da\u010dinnost a\u017e 95 %<\/strong> \u2013 p\u0159iv\u00e1d\u011bn\u00fd vzduch se oh\u0159\u00edv\u00e1 t\u00e9m\u011b\u0159 na pokojovou teplotu<br data-start=\"1378\" data-end=\"1381\" \/>\ud83d\udd39 <strong data-start=\"1384\" data-end=\"1407\">Protiproud\u00fd v\u00fdm\u011bn\u00edk<\/strong> \u2013 odd\u011blen\u00e9 proudy vzduchu pro maxim\u00e1ln\u00ed hygienu<br data-start=\"1455\" data-end=\"1458\" \/>\ud83d\udd39 <strong data-start=\"1461\" data-end=\"1489\">Vyu\u017eit\u00ed zemn\u00edho v\u00fdm\u011bn\u00edku<\/strong> \u2013 v zim\u011b chr\u00e1n\u00ed p\u0159ed mrazem, v l\u00e9t\u011b ochlazuje vzduch<\/p>\n<hr data-start=\"1546\" data-end=\"1549\" \/>\n<h3 data-start=\"1551\" data-end=\"1597\"><strong data-start=\"1555\" data-end=\"1595\">V\u00fdhody \u0159\u00edzen\u00e9ho v\u011btr\u00e1n\u00ed s rekuperac\u00ed<\/strong><\/h3>\n<p data-start=\"1598\" data-end=\"1963\">\u2705 <strong data-start=\"1600\" data-end=\"1626\">\u00daspora energie 90\u201395 %<\/strong> b\u011bhem topn\u00e9 sez\u00f3ny<br data-start=\"1645\" data-end=\"1648\" \/>\u2705 <strong data-start=\"1650\" data-end=\"1690\">Nep\u0159etr\u017eit\u00fd p\u0159\u00edsun \u010derstv\u00e9ho vzduchu<\/strong> s optim\u00e1ln\u00ed koncentrac\u00ed CO\u2082<br data-start=\"1718\" data-end=\"1721\" \/>\u2705 <strong data-start=\"1723\" data-end=\"1753\">Filtrace prachu a alergen\u016f<\/strong> \u2013 ide\u00e1ln\u00ed pro alergiky<br data-start=\"1776\" data-end=\"1779\" \/>\u2705 <strong data-start=\"1781\" data-end=\"1819\">Komfortn\u00ed tepl\u00fd vzduch bez pr\u016fvanu<\/strong><br data-start=\"1819\" data-end=\"1822\" \/>\u2705 <strong data-start=\"1824\" data-end=\"1863\">Tich\u00fd provoz bez hlukov\u00e9ho zat\u00ed\u017een\u00ed<\/strong><br data-start=\"1863\" data-end=\"1866\" \/>\u2705 <strong data-start=\"1868\" data-end=\"1921\">Odvod p\u0159ebyte\u010dn\u00e9 vlhkosti \u2013 ochrana proti pl\u00edsn\u00edm<\/strong><br data-start=\"1921\" data-end=\"1924\" \/>\u2705 <strong data-start=\"1926\" data-end=\"1961\" data-is-only-node=\"\">Automatick\u00fd, bezobslu\u017en\u00fd provoz<\/strong><\/p>\n<hr data-start=\"1965\" data-end=\"1968\" \/>\n<h3 data-start=\"1970\" data-end=\"2013\"><strong data-start=\"1974\" data-end=\"2011\">Spr\u00e1vn\u00e9 fungov\u00e1n\u00ed syst\u00e9mu v\u011btr\u00e1n\u00ed<\/strong><\/h3>\n<p data-start=\"2015\" data-end=\"2252\">\u2714 <strong data-start=\"2017\" data-end=\"2039\">Kvalitn\u00ed instalace<\/strong> \u2013 t\u011bsnost rozvod\u016f a spr\u00e1vn\u00fd n\u00e1vrh syst\u00e9mu<br data-start=\"2081\" data-end=\"2084\" \/>\u2714 <strong data-start=\"2086\" data-end=\"2114\">Optim\u00e1ln\u00ed pr\u016ftok vzduchu<\/strong> \u2013 \u010d\u00edm vy\u0161\u0161\u00ed objem v\u011btr\u00e1n\u00ed, t\u00edm ni\u017e\u0161\u00ed \u00fa\u010dinnost rekuperace<br data-start=\"2171\" data-end=\"2174\" \/>\u2714 <strong data-start=\"2176\" data-end=\"2197\">Pravideln\u00e1 \u00fadr\u017eba<\/strong> \u2013 v\u00fdm\u011bna filtr\u016f je nezbytn\u00e1 pro spr\u00e1vn\u00fd chod syst\u00e9mu<\/p>\n<p data-start=\"2254\" data-end=\"2455\" data-is-last-node=\"\" data-is-only-node=\"\">\u0158\u00edzen\u00e9 v\u011btr\u00e1n\u00ed s rekuperac\u00ed <strong data-start=\"2282\" data-end=\"2318\">v\u00fdrazn\u011b zlep\u0161uje kvalitu bydlen\u00ed<\/strong> a p\u0159isp\u00edv\u00e1 k <strong data-start=\"2332\" data-end=\"2350\">\u00faspo\u0159e energie<\/strong>. Modern\u00ed rekupera\u010dn\u00ed jednotky jsou navr\u017eeny tak, aby pracovaly <strong data-start=\"2414\" data-end=\"2454\">efektivn\u011b, ti\u0161e a bez n\u00e1ro\u010dn\u00e9 \u00fadr\u017eby<\/strong>.<\/p>\n<\/div>\n<\/div>\n<\/div>\n<\/div>\n<div class=\"mb-2 flex gap-3 -ml-2\" tabindex=\"0\">\n<div class=\"flex items-center justify-start rounded-xl p-1\">\n<div class=\"flex items-center\"><\/div>\n<\/div>\n<\/div>\n<\/div>\n","protected":false},"excerpt":{"rendered":"<p>Pro\u010d je v\u011btr\u00e1n\u00ed s rekuperac\u00ed nezbytn\u00e9 pro zdrav\u00fd domov Kvalitn\u00ed a \u010derstv\u00fd vzduch je kl\u00ed\u010dov\u00fd pro zdrav\u00e9 bydlen\u00ed i pracovn\u00ed<\/p>\n","protected":false},"author":1,"featured_media":0,"parent":0,"menu_order":2,"comment_status":"closed","ping_status":"closed","template":"","meta":{"footnotes":""},"class_list":["post-220","page","type-page","status-publish","hentry"],"_links":{"self":[{"href":"https:\/\/www.rekuperace-cofa.cz\/index.php?rest_route=\/wp\/v2\/pages\/220","targetHints":{"allow":["GET"]}}],"collection":[{"href":"https:\/\/www.rekuperace-cofa.cz\/index.php?rest_route=\/wp\/v2\/pages"}],"about":[{"href":"https:\/\/www.rekuperace-cofa.cz\/index.php?rest_route=\/wp\/v2\/types\/page"}],"author":[{"embeddable":true,"href":"https:\/\/www.rekuperace-cofa.cz\/index.php?rest_route=\/wp\/v2\/users\/1"}],"replies":[{"embeddable":true,"href":"https:\/\/www.rekuperace-cofa.cz\/index.php?rest_route=%2Fwp%2Fv2%2Fcomments&post=220"}],"version-history":[{"count":17,"href":"https:\/\/www.rekuperace-cofa.cz\/index.php?rest_route=\/wp\/v2\/pages\/220\/revisions"}],"predecessor-version":[{"id":750,"href":"https:\/\/www.rekuperace-cofa.cz\/index.php?rest_route=\/wp\/v2\/pages\/220\/revisions\/750"}],"wp:attachment":[{"href":"https:\/\/www.rekuperace-cofa.cz\/index.php?rest_route=%2Fwp%2Fv2%2Fmedia&parent=220"}],"curies":[{"name":"wp","href":"https:\/\/api.w.org\/{rel}","templated":true}]}}