{"id":218,"date":"2018-03-09T17:15:43","date_gmt":"2018-03-09T17:15:43","guid":{"rendered":"http:\/\/www.rekuperace-cofa.cz\/?page_id=218"},"modified":"2021-01-24T17:45:49","modified_gmt":"2021-01-24T17:45:49","slug":"kontakt","status":"publish","type":"page","link":"https:\/\/www.rekuperace-cofa.cz\/?page_id=218","title":{"rendered":"Kontakt"},"content":{"rendered":"<p><img loading=\"lazy\" decoding=\"async\" class=\"alignnone size-medium wp-image-184\" src=\"https:\/\/www.rekuperace-cofa.cz\/wp-content\/uploads\/RekuCOFA-logo-hotov\u00e9-pr\u016fhledn\u00e9-300x70.png\" alt=\"\" width=\"300\" height=\"70\" srcset=\"https:\/\/www.rekuperace-cofa.cz\/wp-content\/uploads\/RekuCOFA-logo-hotov\u00e9-pr\u016fhledn\u00e9-300x70.png 300w, https:\/\/www.rekuperace-cofa.cz\/wp-content\/uploads\/RekuCOFA-logo-hotov\u00e9-pr\u016fhledn\u00e9-768x179.png 768w, https:\/\/www.rekuperace-cofa.cz\/wp-content\/uploads\/RekuCOFA-logo-hotov\u00e9-pr\u016fhledn\u00e9-1024x238.png 1024w, https:\/\/www.rekuperace-cofa.cz\/wp-content\/uploads\/RekuCOFA-logo-hotov\u00e9-pr\u016fhledn\u00e9.png 1652w\" sizes=\"auto, (max-width: 300px) 100vw, 300px\" \/><\/p>\n<p><strong>\u00a0 Nov\u00e1 82, 790 55 Vidnava<\/strong><\/p>\n<p><strong>\u00a0 I\u010cO: 09733973<\/strong><\/p>\n<p><strong>\u00a0 tel. +420 601 583 565<\/strong><\/p>\n<p><strong>\u00a0 email: rekucofa@email.cz<\/strong><\/p>\n<p>&nbsp;<\/p>\n","protected":false},"excerpt":{"rendered":"<p>\u00a0 Nov\u00e1 82, 790 55 Vidnava \u00a0 I\u010cO: 09733973 \u00a0 tel. +420 601 583 565 \u00a0 email: rekucofa@email.cz &nbsp;<\/p>\n","protected":false},"author":1,"featured_media":0,"parent":0,"menu_order":6,"comment_status":"closed","ping_status":"closed","template":"","meta":{"footnotes":""},"class_list":["post-218","page","type-page","status-publish","hentry"],"_links":{"self":[{"href":"https:\/\/www.rekuperace-cofa.cz\/index.php?rest_route=\/wp\/v2\/pages\/218","targetHints":{"allow":["GET"]}}],"collection":[{"href":"https:\/\/www.rekuperace-cofa.cz\/index.php?rest_route=\/wp\/v2\/pages"}],"about":[{"href":"https:\/\/www.rekuperace-cofa.cz\/index.php?rest_route=\/wp\/v2\/types\/page"}],"author":[{"embeddable":true,"href":"https:\/\/www.rekuperace-cofa.cz\/index.php?rest_route=\/wp\/v2\/users\/1"}],"replies":[{"embeddable":true,"href":"https:\/\/www.rekuperace-cofa.cz\/index.php?rest_route=%2Fwp%2Fv2%2Fcomments&post=218"}],"version-history":[{"count":4,"href":"https:\/\/www.rekuperace-cofa.cz\/index.php?rest_route=\/wp\/v2\/pages\/218\/revisions"}],"predecessor-version":[{"id":655,"href":"https:\/\/www.rekuperace-cofa.cz\/index.php?rest_route=\/wp\/v2\/pages\/218\/revisions\/655"}],"wp:attachment":[{"href":"https:\/\/www.rekuperace-cofa.cz\/index.php?rest_route=%2Fwp%2Fv2%2Fmedia&parent=218"}],"curies":[{"name":"wp","href":"https:\/\/api.w.org\/{rel}","templated":true}]}}