{"id":214,"date":"2018-03-09T17:14:29","date_gmt":"2018-03-09T17:14:29","guid":{"rendered":"http:\/\/www.rekuperace-cofa.cz\/?page_id=214"},"modified":"2025-12-14T22:46:42","modified_gmt":"2025-12-14T22:46:42","slug":"ke-stazeni","status":"publish","type":"page","link":"https:\/\/www.rekuperace-cofa.cz\/?page_id=214","title":{"rendered":"Ke sta\u017een\u00ed"},"content":{"rendered":"<h5><em><span style=\"text-decoration: underline;\"><strong>PRODUKTOV\u00c9 LISTY<\/strong><\/span><\/em><\/h5>\n<h6><span style=\"color: #0000ff;\"><a style=\"color: #0000ff;\" href=\"https:\/\/www.rekuperace-cofa.cz\/wp-content\/uploads\/Produktov\u00fd-list-RJ-125-400AC-2.pdf\">RJ-125\/400 A<\/a><a style=\"color: #0000ff;\" href=\"https:\/\/www.rekuperace-cofa.cz\/Rekuperace\/RJ-125-400AC\">C<\/a>\u00a0 \u00a0 \u00a0 \u00a0 \u00a0 \u00a0 \u00a0 \u00a0 \u00a0 \u00a0<a style=\"color: #0000ff;\" href=\"https:\/\/www.rekuperace-cofa.cz\/wp-content\/uploads\/Produktov\u00fd-list-RJ-150-400AC-2.pdf\">RJ-150\/400 AC<\/a>\u00a0 \u00a0 \u00a0 \u00a0 \u00a0 \u00a0 \u00a0 \u00a0 \u00a0 \u00a0<a style=\"color: #0000ff;\" href=\"https:\/\/www.rekuperace-cofa.cz\/wp-content\/uploads\/Produktov\u00fd-list-RJ-150-500AC-2.pdf\">RJ-150\/500 AC<\/a><\/span><\/h6>\n<h6><span style=\"color: #0000ff;\"><a style=\"color: #0000ff;\" href=\"https:\/\/www.rekuperace-cofa.cz\/wp-content\/uploads\/Produktov\u00fd-list-RJ-125-400EC-2.pdf\">RJ-125\/400 EC\u00a0<\/a>\u00a0 \u00a0 \u00a0 \u00a0 \u00a0 \u00a0 \u00a0 \u00a0 \u00a0 <a href=\"https:\/\/www.rekuperace-cofa.cz\/wp-content\/uploads\/Produktovy-list-RJ-150-400EC.pdf\"><span style=\"color: #0000ff;\">RJ-150\/400EC<\/span><\/a>\u00a0 \u00a0 \u00a0 \u00a0 \u00a0 \u00a0 \u00a0 \u00a0 \u00a0 \u00a0 <a style=\"color: #0000ff;\" href=\"https:\/\/www.rekuperace-cofa.cz\/wp-content\/uploads\/Produktov\u00fd-list-RJ-150-500EC-1.pdf\">RJ-150\/500 EC<\/a><\/span><\/h6>\n<h6><em><span style=\"text-decoration: underline;\"><strong>N\u00c1VODY K POU\u017dIT\u00cd<\/strong><\/span><\/em><\/h6>\n<h6><span style=\"color: #0000ff;\"><a href=\"https:\/\/www.rekuperace-cofa.cz\/wp-content\/uploads\/Navod-rekuperacni-jednotka-RJ-125-400-RJ-150-400-RJ-150-500-1.pdf\"><span style=\"color: #0000ff;\">N\u00e1vod rekupera\u010dn\u00ed jednotka RJ-125-400, RJ-150-400, RJ-150-500<\/span><\/a>\u00a0 \u00a0<\/span><\/h6>\n<h6><span style=\"color: #0000ff;\"><a style=\"color: #0000ff;\" href=\"https:\/\/www.rekuperace-cofa.cz\/wp-content\/uploads\/N\u00e1vod-Rozvodn\u00e1-krabice-s-proti-mrazovou-ochranou-PT-1.pdf\">Proti-mrazov\u00e1 ochrana s dig. termostatem PT-1<\/a><\/span><\/h6>\n<h6><span style=\"color: #0000ff;\"><a href=\"https:\/\/www.rekuperace-cofa.cz\/wp-content\/uploads\/Navod-predehrev-EP-125-EP-150-1.pdf\"><span style=\"color: #0000ff;\">N\u00e1vod p\u0159edeh\u0159ev EP-125, EP-150<\/span><\/a>\u00a0 \u00a0 \u00a0<\/span><\/h6>\n<h6><span style=\"color: #0000ff;\"><a style=\"color: #0000ff;\" href=\"https:\/\/www.rekuperace-cofa.cz\/wp-content\/uploads\/N\u00e1vod-k-pou\u017eit\u00ed-bypass-RekuCofa-1.pdf\">Bypass 125\/150 s ru\u010dn\u00edm klapkou, servo klapkou<\/a><\/span><\/h6>\n<h6><a href=\"https:\/\/www.rekuperace-cofa.cz\/wp-content\/uploads\/K-CO2-VOC-Bypass-EC-1.pdf\"><span style=\"color: #0000ff;\">Kontrol\u00e9r K-CO2 -VOC-bypass EC<\/span><\/a><\/h6>\n<h6><a href=\"https:\/\/www.rekuperace-cofa.cz\/wp-content\/uploads\/K-CO2-VOC-Bypass-AC-1.pdf\"><span style=\"color: #0000ff;\">Kontrol\u00e9r K-CO2-VOC-bypass AC<\/span><\/a><\/h6>\n<h6><span style=\"color: #0000ff;\"><a style=\"color: #0000ff;\" href=\"https:\/\/www.rekuperace-cofa.cz\/wp-content\/uploads\/N\u00e1vod-Kontrol\u00e9r-vlhkosti-HS-1doc.pdf\">Kontrol\u00e9r vlhkosti HS &#8211; 1<\/a><\/span><\/h6>\n<h6><span style=\"color: #0000ff;\"><a href=\"https:\/\/www.rekuperace-cofa.cz\/wp-content\/uploads\/Navod-Ridici-jednotka-s-proti-mrazovou-ochranou-R-EC-zigbee-1-3.pdf\"><span style=\"color: #0000ff;\">\u0158\u00edd\u00edc\u00ed jednotka R-EC Zigbee 3.0<\/span><\/a>\u00a0\u00a0 \u00a0 \u00a0 \u00a0 \u00a0 \u00a0 \u00a0 \u00a0 \u00a0\u00a0 <\/span><\/h6>\n<h6><span style=\"color: #0000ff;\"><a style=\"color: #0000ff;\" href=\"https:\/\/www.rekuperace-cofa.cz\/wp-content\/uploads\/N\u00e1vod-\u0158\u00edd\u00edc\u00ed-jednotka-s-proti-mrazovou-ochranou-AC.pdf\">\u0158\u00edd\u00edc\u00ed jednotka R-AC<\/a><\/span><\/h6>\n<h6><span style=\"color: #0000ff;\"><a style=\"color: #0000ff;\" href=\"https:\/\/www.rekuperace-cofa.cz\/wp-content\/uploads\/N\u00e1vod-Kontrol\u00e9r-bypassu-O-bypass.pdf\">O-bypass<\/a><\/span><\/h6>\n<h5><em><span style=\"text-decoration: underline;\"><strong>REKUPERA\u010cN\u00cd V\u00ddM\u011aN\u00cdK<\/strong><\/span><\/em><\/h5>\n<h6><span style=\"color: #0000ff;\"><a style=\"color: #0000ff;\" href=\"https:\/\/www.recutech.com\/wp-content\/uploads\/doc\/REK-Sheet-CZ.pdf\">REK+27-400-22<\/a>\u00a0 \u00a0 \u00a0 \u00a0 \u00a0 \u00a0 \u00a0 \u00a0 \u00a0 <a style=\"color: #0000ff;\" href=\"https:\/\/www.recutech.com\/wp-content\/uploads\/doc\/REK-Sheet-CZ.pdf\">REK+27-500-22<\/a><\/span><\/h6>\n<h5><em><span style=\"text-decoration: underline;\"><strong>CERTIFIK\u00c1TY<\/strong><\/span><\/em><\/h5>\n<h6><span style=\"color: #0000ff;\"><strong><a style=\"color: #0000ff;\" href=\"https:\/\/www.recutech.com\/wp-content\/uploads\/doc\/Certificate-Eurovent-AARE.pdf\">Eurovent<\/a>\u00a0<\/strong>|\u00a0<a style=\"color: #0000ff;\" href=\"https:\/\/www.recutech.com\/wp-content\/uploads\/doc\/Certificate-RLT-EN.pdf\">T\u00dcV<\/a>\u00a0|\u00a0<a style=\"color: #0000ff;\" href=\"https:\/\/www.recutech.com\/wp-content\/uploads\/doc\/Certificate-VDI-Aluminium-EN.pdf\">VDI<\/a>\u00a0|\u00a0<a style=\"color: #0000ff;\" href=\"https:\/\/www.recutech.com\/wp-content\/uploads\/doc\/Certificate-EAC.pdf\" target=\"_blank\" rel=\"noopener\">EAC<\/a>\u00a0|\u00a0<a style=\"color: #0000ff;\" href=\"https:\/\/www.recutech.com\/wp-content\/uploads\/doc\/Certificate-AHRI.pdf\">ATEX<\/a>\u00a0|\u00a0<a style=\"color: #0000ff;\" title=\"ISO_2017\" href=\"https:\/\/www.recutech.com\/wp-content\/uploads\/doc\/Certificate-ISO-CZ.pdf\" target=\"_blank\" rel=\"noopener\">ISO<\/a>\u00a0|\u00a0<a style=\"color: #0000ff;\" href=\"https:\/\/www.recutech.com\/wp-content\/uploads\/doc\/Certificate-CE-EN.pdf\">RLT<\/a><\/span><\/h6>\n<p><a href=\"https:\/\/www.recutech.com\/wp-content\/uploads\/doc\/Certificate-EU_Declaration_of_conformity.pdf\"><span style=\"color: #0000ff;\">CE &#8211; EU prohl\u00e1\u0161en\u00ed o shod\u011b<\/span><\/a><\/p>\n<p><span style=\"text-decoration: underline;\"><strong><em>STAR\u0160\u00cd PRODUKTY<\/em><\/strong><\/span><\/p>\n<h6><a href=\"https:\/\/www.rekuperace-cofa.cz\/wp-content\/uploads\/Produktov\u00fd-list-K-CO2.pdf\"><strong><span style=\"color: #0000ff;\">Kontrol\u00e9r K-CO2<\/span><\/strong><\/a><\/h6>\n<h6><a href=\"https:\/\/www.rekuperace-cofa.cz\/wp-content\/uploads\/Kontrol\u00e9r-K-bypass-1.pdf\"><strong><span style=\"color: #0000ff;\">Kontrol\u00e9r K-CO2-bypass<\/span><\/strong><\/a><\/h6>\n<h6><a href=\"https:\/\/www.rekuperace-cofa.cz\/wp-content\/uploads\/N\u00e1vod-\u0158\u00edd\u00edc\u00ed-jednotka-s-proti-mrazovou-ochranou-EC.pdf\"><span style=\"color: #0000ff;\"><strong>\u0158\u00edd\u00edc\u00ed jednotka R-EC<\/strong><\/span><\/a><\/h6>\n","protected":false},"excerpt":{"rendered":"<p>PRODUKTOV\u00c9 LISTY RJ-125\/400 AC\u00a0 \u00a0 \u00a0 \u00a0 \u00a0 \u00a0 \u00a0 \u00a0 \u00a0 \u00a0RJ-150\/400 AC\u00a0 \u00a0 \u00a0 \u00a0 \u00a0 \u00a0 \u00a0<\/p>\n","protected":false},"author":1,"featured_media":0,"parent":0,"menu_order":4,"comment_status":"closed","ping_status":"closed","template":"","meta":{"footnotes":""},"class_list":["post-214","page","type-page","status-publish","hentry"],"_links":{"self":[{"href":"https:\/\/www.rekuperace-cofa.cz\/index.php?rest_route=\/wp\/v2\/pages\/214","targetHints":{"allow":["GET"]}}],"collection":[{"href":"https:\/\/www.rekuperace-cofa.cz\/index.php?rest_route=\/wp\/v2\/pages"}],"about":[{"href":"https:\/\/www.rekuperace-cofa.cz\/index.php?rest_route=\/wp\/v2\/types\/page"}],"author":[{"embeddable":true,"href":"https:\/\/www.rekuperace-cofa.cz\/index.php?rest_route=\/wp\/v2\/users\/1"}],"replies":[{"embeddable":true,"href":"https:\/\/www.rekuperace-cofa.cz\/index.php?rest_route=%2Fwp%2Fv2%2Fcomments&post=214"}],"version-history":[{"count":116,"href":"https:\/\/www.rekuperace-cofa.cz\/index.php?rest_route=\/wp\/v2\/pages\/214\/revisions"}],"predecessor-version":[{"id":782,"href":"https:\/\/www.rekuperace-cofa.cz\/index.php?rest_route=\/wp\/v2\/pages\/214\/revisions\/782"}],"wp:attachment":[{"href":"https:\/\/www.rekuperace-cofa.cz\/index.php?rest_route=%2Fwp%2Fv2%2Fmedia&parent=214"}],"curies":[{"name":"wp","href":"https:\/\/api.w.org\/{rel}","templated":true}]}}