{"id":212,"date":"2018-03-09T17:13:59","date_gmt":"2018-03-09T17:13:59","guid":{"rendered":"http:\/\/www.rekuperace-cofa.cz\/?page_id=212"},"modified":"2025-03-21T22:02:13","modified_gmt":"2025-03-21T22:02:13","slug":"cim-se-zabyvame","status":"publish","type":"page","link":"https:\/\/www.rekuperace-cofa.cz\/?page_id=212","title":{"rendered":"\u010c\u00edm se zab\u00fdv\u00e1me"},"content":{"rendered":"<h3 data-start=\"0\" data-end=\"39\"><strong data-start=\"4\" data-end=\"37\">V\u00fdroba a individu\u00e1ln\u00ed p\u0159\u00edstup<\/strong><\/h3>\n<p data-start=\"41\" data-end=\"498\">Jsme <strong data-start=\"46\" data-end=\"65\">p\u0159\u00edm\u00fdmi v\u00fdrobci<\/strong>, nikoliv pouze prodejci, co\u017e n\u00e1m umo\u017e\u0148uje nab\u00eddnout <strong data-start=\"118\" data-end=\"143\">nejni\u017e\u0161\u00ed cenu na trhu<\/strong> a p\u0159izp\u016fsobit na\u0161e produkty va\u0161im po\u017eadavk\u016fm. K rekupera\u010dn\u00edm jednotk\u00e1m vyr\u00e1b\u00edme i \u0161irok\u00e9 p\u0159\u00edslu\u0161enstv\u00ed, jako nap\u0159\u00edklad:<br data-start=\"263\" data-end=\"266\" \/>\u2714 <strong data-start=\"268\" data-end=\"311\">Digit\u00e1ln\u011b \u0159\u00edzenou protimrazovou ochranu<\/strong><br data-start=\"311\" data-end=\"314\" \/>\u2714 <strong data-start=\"316\" data-end=\"346\">Digit\u00e1ln\u011b \u0159\u00edzen\u00fd p\u0159edeh\u0159ev<\/strong><br data-start=\"346\" data-end=\"349\" \/>\u2714 <strong data-start=\"351\" data-end=\"397\">Bypass ovl\u00e1dan\u00fd servopohonem nebo manu\u00e1ln\u011b<\/strong><br data-start=\"397\" data-end=\"400\" \/>\u2714 <strong data-start=\"402\" data-end=\"434\">Ventil\u00e1tory s AC i EC motory<\/strong><br data-start=\"434\" data-end=\"437\" \/>\u2714 <strong data-start=\"439\" data-end=\"496\">\u0158\u00eddic\u00ed jednotku se senzorem CO\u2082 a dotykov\u00fdm displejem<\/strong><\/p>\n<hr data-start=\"500\" data-end=\"503\" \/>\n<h3 data-start=\"505\" data-end=\"541\"><strong data-start=\"509\" data-end=\"539\">Odborn\u00e9 poradenstv\u00ed zdarma<\/strong><\/h3>\n<p data-start=\"543\" data-end=\"773\">Chceme, aby v\u00e1\u0161 syst\u00e9m <strong data-start=\"566\" data-end=\"596\">fungoval co nejefektivn\u011bji<\/strong>, proto v\u00e1m nab\u00edz\u00edme <strong data-start=\"617\" data-end=\"642\">bezplatnou konzultaci<\/strong>. Spole\u010dn\u011b projdeme ve\u0161ker\u00e9 n\u00e1le\u017eitosti a dispozice va\u0161eho domu a navrhneme <strong data-start=\"718\" data-end=\"747\">optim\u00e1ln\u00ed rozvody vzduchu<\/strong> pro maxim\u00e1ln\u00ed \u00fa\u010dinnost.<\/p>\n<p data-start=\"775\" data-end=\"1219\">\ud83d\udd39 <strong data-start=\"778\" data-end=\"797\">Jak postupovat?<\/strong><br data-start=\"797\" data-end=\"800\" \/>Za\u0161lete n\u00e1m e-mail na <strong data-start=\"822\" data-end=\"843\"><a rel=\"noopener\" data-start=\"824\" data-end=\"841\">rekucofa@email.cz<\/a><\/strong> s n\u00e1sleduj\u00edc\u00edmi informacemi:<br data-start=\"872\" data-end=\"875\" \/>\ud83d\udccc <strong data-start=\"878\" data-end=\"909\">P\u016fdorys va\u0161eho domu \u010di bytu<\/strong> s n\u00e1zvy m\u00edstnost\u00ed<br data-start=\"927\" data-end=\"930\" \/>\ud83d\udccc <strong data-start=\"933\" data-end=\"980\">N\u00e1vrh mo\u017en\u00e9ho um\u00edst\u011bn\u00ed rekupera\u010dn\u00ed jednotky<\/strong><br data-start=\"980\" data-end=\"983\" \/>\ud83d\udccc <strong data-start=\"986\" data-end=\"1014\">Mo\u017en\u00e9 veden\u00ed vzduchovod\u016f<\/strong> (podhled, p\u016fdn\u00ed prostor, stropn\u00ed izolace\u2026)<br data-start=\"1057\" data-end=\"1060\" \/>\ud83d\udccc <strong data-start=\"1063\" data-end=\"1112\">Um\u00edst\u011bn\u00ed stoupa\u010dek, digesto\u0159e, krbov\u00fdch kamen<\/strong><br data-start=\"1112\" data-end=\"1115\" \/>\ud83d\udccc <strong data-start=\"1118\" data-end=\"1148\">Dal\u0161\u00ed podrobnosti o stavb\u011b<\/strong> (d\u0159evostavba, podsklepen\u00ed apod.)<br data-start=\"1181\" data-end=\"1184\" \/>\ud83d\udccc <strong data-start=\"1187\" data-end=\"1217\">Va\u0161e p\u0159edstavy o realizaci<\/strong><\/p>\n<p data-start=\"1221\" data-end=\"1305\">Na z\u00e1klad\u011b t\u011bchto informac\u00ed p\u0159iprav\u00edme n\u00e1vrh, kter\u00fd s v\u00e1mi dolad\u00edme k dokonalosti.<\/p>\n<hr data-start=\"1307\" data-end=\"1310\" \/>\n<h3 data-start=\"1312\" data-end=\"1345\"><strong data-start=\"1316\" data-end=\"1343\">Profesion\u00e1ln\u00ed instalace<\/strong><\/h3>\n<p data-start=\"1347\" data-end=\"1574\">Pokud se nechcete pou\u0161t\u011bt do <strong data-start=\"1376\" data-end=\"1428\">instalace rekuperace a rozvod\u016f vzduchu sv\u00e9pomoc\u00ed<\/strong>, m\u016f\u017eete vyu\u017e\u00edt <strong data-start=\"1444\" data-end=\"1480\">slu\u017eeb na\u0161ich odborn\u00fdch partner\u016f<\/strong>. Instalaci provede <strong data-start=\"1500\" data-end=\"1534\">prov\u011b\u0159en\u00e1 spolupracuj\u00edc\u00ed firma<\/strong> dle na\u0161eho n\u00e1vrhu a va\u0161ich po\u017eadavk\u016f.<\/p>\n<p data-start=\"1576\" data-end=\"1631\">\ud83d\udcde <strong data-start=\"1579\" data-end=\"1613\">Kontakt pro domluvu instalace:<\/strong> <strong data-start=\"1614\" data-end=\"1629\">608 222 228<\/strong><\/p>\n<p data-start=\"1633\" data-end=\"1750\" data-is-last-node=\"\" data-is-only-node=\"\">R\u00e1di v\u00e1m pom\u016f\u017eeme vytvo\u0159it <strong data-start=\"1660\" data-end=\"1698\">efektivn\u00ed a \u00fasporn\u00fd syst\u00e9m v\u011btr\u00e1n\u00ed<\/strong>, kter\u00fd zajist\u00ed <strong data-start=\"1714\" data-end=\"1749\">\u010derstv\u00fd vzduch a zdrav\u00e9 bydlen\u00ed<\/strong>!<\/p>\n","protected":false},"excerpt":{"rendered":"<p>V\u00fdroba a individu\u00e1ln\u00ed p\u0159\u00edstup Jsme p\u0159\u00edm\u00fdmi v\u00fdrobci, nikoliv pouze prodejci, co\u017e n\u00e1m umo\u017e\u0148uje nab\u00eddnout nejni\u017e\u0161\u00ed cenu na trhu a p\u0159izp\u016fsobit<\/p>\n","protected":false},"author":1,"featured_media":0,"parent":0,"menu_order":3,"comment_status":"closed","ping_status":"closed","template":"","meta":{"footnotes":""},"class_list":["post-212","page","type-page","status-publish","hentry"],"_links":{"self":[{"href":"https:\/\/www.rekuperace-cofa.cz\/index.php?rest_route=\/wp\/v2\/pages\/212","targetHints":{"allow":["GET"]}}],"collection":[{"href":"https:\/\/www.rekuperace-cofa.cz\/index.php?rest_route=\/wp\/v2\/pages"}],"about":[{"href":"https:\/\/www.rekuperace-cofa.cz\/index.php?rest_route=\/wp\/v2\/types\/page"}],"author":[{"embeddable":true,"href":"https:\/\/www.rekuperace-cofa.cz\/index.php?rest_route=\/wp\/v2\/users\/1"}],"replies":[{"embeddable":true,"href":"https:\/\/www.rekuperace-cofa.cz\/index.php?rest_route=%2Fwp%2Fv2%2Fcomments&post=212"}],"version-history":[{"count":23,"href":"https:\/\/www.rekuperace-cofa.cz\/index.php?rest_route=\/wp\/v2\/pages\/212\/revisions"}],"predecessor-version":[{"id":751,"href":"https:\/\/www.rekuperace-cofa.cz\/index.php?rest_route=\/wp\/v2\/pages\/212\/revisions\/751"}],"wp:attachment":[{"href":"https:\/\/www.rekuperace-cofa.cz\/index.php?rest_route=%2Fwp%2Fv2%2Fmedia&parent=212"}],"curies":[{"name":"wp","href":"https:\/\/api.w.org\/{rel}","templated":true}]}}